{"id":152,"date":"2025-11-17T11:04:51","date_gmt":"2025-11-17T11:04:51","guid":{"rendered":"https:\/\/puntomedico.directorio-comercial.com\/?page_id=152"},"modified":"2025-12-04T23:50:46","modified_gmt":"2025-12-05T05:50:46","slug":"enfermedades-cronicas","status":"publish","type":"page","link":"https:\/\/puntomedico.directorio-comercial.com\/?page_id=152","title":{"rendered":"Enfermedades Cr\u00f3nicas"},"content":{"rendered":"\t\t<div data-elementor-type=\"wp-page\" data-elementor-id=\"152\" class=\"elementor elementor-152\">\n\t\t\t\t<div class=\"elementor-element elementor-element-2394368 e-flex e-con-boxed e-con e-parent\" data-id=\"2394368\" data-element_type=\"container\">\n\t\t\t\t\t<div class=\"e-con-inner\">\n\t\t<div class=\"elementor-element elementor-element-adfb2de e-con-full e-flex e-con e-child\" data-id=\"adfb2de\" data-element_type=\"container\">\n\t\t\t\t<div class=\"elementor-element elementor-element-3ebeb05 elementor-widget elementor-widget-image\" data-id=\"3ebeb05\" data-element_type=\"widget\" data-widget_type=\"image.default\">\n\t\t\t\t\t\t\t\t\t\t\t\t\t\t\t<img fetchpriority=\"high\" decoding=\"async\" width=\"864\" height=\"1536\" src=\"https:\/\/puntomedico.directorio-comercial.com\/wp-content\/uploads\/2025\/11\/WhatsApp-Image-2025-11-13-at-17.20.20-2-864x1536.jpeg\" class=\"attachment-1536x1536 size-1536x1536 wp-image-154\" alt=\"\" srcset=\"https:\/\/puntomedico.directorio-comercial.com\/wp-content\/uploads\/2025\/11\/WhatsApp-Image-2025-11-13-at-17.20.20-2-864x1536.jpeg 864w, https:\/\/puntomedico.directorio-comercial.com\/wp-content\/uploads\/2025\/11\/WhatsApp-Image-2025-11-13-at-17.20.20-2-169x300.jpeg 169w, https:\/\/puntomedico.directorio-comercial.com\/wp-content\/uploads\/2025\/11\/WhatsApp-Image-2025-11-13-at-17.20.20-2-576x1024.jpeg 576w, https:\/\/puntomedico.directorio-comercial.com\/wp-content\/uploads\/2025\/11\/WhatsApp-Image-2025-11-13-at-17.20.20-2-768x1366.jpeg 768w, https:\/\/puntomedico.directorio-comercial.com\/wp-content\/uploads\/2025\/11\/WhatsApp-Image-2025-11-13-at-17.20.20-2.jpeg 899w\" sizes=\"(max-width: 864px) 100vw, 864px\" \/>\t\t\t\t\t\t\t\t\t\t\t\t\t\t\t<\/div>\n\t\t\t\t<\/div>\n\t\t\t\t\t<\/div>\n\t\t\t\t<\/div>\n\t\t<div class=\"elementor-element elementor-element-6b468c9 e-flex e-con-boxed e-con e-parent\" data-id=\"6b468c9\" data-element_type=\"container\">\n\t\t\t\t\t<div class=\"e-con-inner\">\n\t\t<div class=\"elementor-element elementor-element-7183a49 e-con-full e-flex e-con e-child\" data-id=\"7183a49\" data-element_type=\"container\" data-settings=\"{&quot;background_background&quot;:&quot;classic&quot;}\">\n\t\t\t\t<div class=\"elementor-element elementor-element-265f0bd elementor-widget elementor-widget-text-editor\" data-id=\"265f0bd\" data-element_type=\"widget\" data-widget_type=\"text-editor.default\">\n\t\t\t\t\t\t\t\t\t<p>Nuestro servicio de control de enfermedades cr\u00f3nicas est\u00e1 dise\u00f1ado para acompa\u00f1arte de manera continua, segura y personalizada. Te ayudamos a monitorear tu condici\u00f3n, ajustar tratamientos y mejorar tu calidad de vida con una atenci\u00f3n cercana y profesional.<br data-start=\"407\" data-end=\"410\" \/>Estamos contigo en cada paso para que vivas con bienestar y mayor tranquilidad.<\/p>\t\t\t\t\t\t\t\t<\/div>\n\t\t\t\t<\/div>\n\t\t\t\t\t<\/div>\n\t\t\t\t<\/div>\n\t\t<div class=\"elementor-element elementor-element-bd8ac7d e-flex e-con-boxed e-con e-parent\" data-id=\"bd8ac7d\" data-element_type=\"container\">\n\t\t\t\t\t<div class=\"e-con-inner\">\n\t\t<div class=\"elementor-element elementor-element-9bb1361 e-con-full e-flex e-con e-child\" data-id=\"9bb1361\" data-element_type=\"container\">\n\t\t<div class=\"elementor-element elementor-element-03d8df0 e-con-full e-flex e-con e-child\" data-id=\"03d8df0\" data-element_type=\"container\" data-settings=\"{&quot;background_background&quot;:&quot;classic&quot;}\">\n\t\t\t\t<div class=\"elementor-element elementor-element-b40b105 elementor-widget elementor-widget-image\" data-id=\"b40b105\" data-element_type=\"widget\" data-widget_type=\"image.default\">\n\t\t\t\t\t\t\t\t\t\t\t\t\t\t\t<img decoding=\"async\" width=\"768\" height=\"1024\" src=\"https:\/\/puntomedico.directorio-comercial.com\/wp-content\/uploads\/2025\/12\/Personal-768x1024.webp\" class=\"attachment-large size-large wp-image-327\" alt=\"\" srcset=\"https:\/\/puntomedico.directorio-comercial.com\/wp-content\/uploads\/2025\/12\/Personal-768x1024.webp 768w, https:\/\/puntomedico.directorio-comercial.com\/wp-content\/uploads\/2025\/12\/Personal-225x300.webp 225w, https:\/\/puntomedico.directorio-comercial.com\/wp-content\/uploads\/2025\/12\/Personal-1152x1536.webp 1152w, https:\/\/puntomedico.directorio-comercial.com\/wp-content\/uploads\/2025\/12\/Personal.webp 1200w\" sizes=\"(max-width: 768px) 100vw, 768px\" \/>\t\t\t\t\t\t\t\t\t\t\t\t\t\t\t<\/div>\n\t\t\t\t<div class=\"elementor-element elementor-element-b4b7ce0 elementor-widget elementor-widget-text-editor\" data-id=\"b4b7ce0\" data-element_type=\"widget\" data-widget_type=\"text-editor.default\">\n\t\t\t\t\t\t\t\t\t<p>El Dr. Jorge Alberto Vital L\u00f3pez ofrece el siguiente servicio<\/p>\t\t\t\t\t\t\t\t<\/div>\n\t\t\t\t<div class=\"elementor-element elementor-element-adc9035 elementor-widget elementor-widget-n-accordion\" data-id=\"adc9035\" data-element_type=\"widget\" data-settings=\"{&quot;default_state&quot;:&quot;expanded&quot;,&quot;max_items_expended&quot;:&quot;one&quot;,&quot;n_accordion_animation_duration&quot;:{&quot;unit&quot;:&quot;ms&quot;,&quot;size&quot;:400,&quot;sizes&quot;:[]}}\" data-widget_type=\"nested-accordion.default\">\n\t\t\t\t\t\t\t<div class=\"e-n-accordion\" aria-label=\"Accordion. Open links with Enter or Space, close with Escape, and navigate with Arrow Keys\">\n\t\t\t\t\t\t<details id=\"e-n-accordion-item-1820\" class=\"e-n-accordion-item\" open>\n\t\t\t\t<summary class=\"e-n-accordion-item-title\" data-accordion-index=\"1\" tabindex=\"0\" aria-expanded=\"true\" aria-controls=\"e-n-accordion-item-1820\" >\n\t\t\t\t\t<span class='e-n-accordion-item-title-header'><div class=\"e-n-accordion-item-title-text\"> Tratamiento <\/div><\/span>\n\t\t\t\t\t\t\t<span class='e-n-accordion-item-title-icon'>\n\t\t\t<span class='e-opened' ><svg aria-hidden=\"true\" class=\"e-font-icon-svg e-fas-minus\" viewBox=\"0 0 448 512\" xmlns=\"http:\/\/www.w3.org\/2000\/svg\"><path d=\"M416 208H32c-17.67 0-32 14.33-32 32v32c0 17.67 14.33 32 32 32h384c17.67 0 32-14.33 32-32v-32c0-17.67-14.33-32-32-32z\"><\/path><\/svg><\/span>\n\t\t\t<span class='e-closed'><svg aria-hidden=\"true\" class=\"e-font-icon-svg e-fas-plus\" viewBox=\"0 0 448 512\" xmlns=\"http:\/\/www.w3.org\/2000\/svg\"><path d=\"M416 208H272V64c0-17.67-14.33-32-32-32h-32c-17.67 0-32 14.33-32 32v144H32c-17.67 0-32 14.33-32 32v32c0 17.67 14.33 32 32 32h144v144c0 17.67 14.33 32 32 32h32c17.67 0 32-14.33 32-32V304h144c17.67 0 32-14.33 32-32v-32c0-17.67-14.33-32-32-32z\"><\/path><\/svg><\/span>\n\t\t<\/span>\n\n\t\t\t\t\t\t<\/summary>\n\t\t\t\t<div role=\"region\" aria-labelledby=\"e-n-accordion-item-1820\" class=\"elementor-element elementor-element-3b13544 e-con-full e-flex e-con e-child\" data-id=\"3b13544\" data-element_type=\"container\">\n\t\t\t\t<div class=\"elementor-element elementor-element-2e82e17 elementor-widget elementor-widget-text-editor\" data-id=\"2e82e17\" data-element_type=\"widget\" data-widget_type=\"text-editor.default\">\n\t\t\t\t\t\t\t\t\t<ul><li>Consulta\u00a0 \u00a0$500<\/li><\/ul>\t\t\t\t\t\t\t\t<\/div>\n\t\t\t\t<\/div>\n\t\t\t\t\t<\/details>\n\t\t\t\t\t<\/div>\n\t\t\t\t\t\t<\/div>\n\t\t\t\t<div class=\"elementor-element elementor-element-5b72b69 elementor-widget elementor-widget-heading\" data-id=\"5b72b69\" data-element_type=\"widget\" data-widget_type=\"heading.default\">\n\t\t\t\t\t<h2 class=\"elementor-heading-title elementor-size-default\">Horario de atenci\u00f3n<\/h2>\t\t\t\t<\/div>\n\t\t\t\t<div class=\"elementor-element elementor-element-dd964f5 elementor-widget elementor-widget-text-editor\" data-id=\"dd964f5\" data-element_type=\"widget\" data-widget_type=\"text-editor.default\">\n\t\t\t\t\t\t\t\t\t<p>Lunes a S\u00e1bado<\/p>\n<p>7:00 am a 11:30am<\/p>\t\t\t\t\t\t\t\t<\/div>\n\t\t\t\t<\/div>\n\t\t\t\t<\/div>\n\t\t\t\t\t<\/div>\n\t\t\t\t<\/div>\n\t\t<div class=\"elementor-element elementor-element-d5bc37d e-flex e-con-boxed e-con e-parent\" data-id=\"d5bc37d\" data-element_type=\"container\">\n\t\t\t\t\t<div class=\"e-con-inner\">\n\t\t\t\t<div class=\"elementor-element elementor-element-982c005 elementor-widget elementor-widget-html\" data-id=\"982c005\" data-element_type=\"widget\" data-widget_type=\"html.default\">\n\t\t\t\t\t<style>\r\n  .form-container {\r\n    max-width: 550px;\r\n    background: #ffffff;\r\n    padding: 25px;\r\n    margin: auto;\r\n    border-radius: 15px;\r\n    box-shadow: 0 5px 20px rgba(0,0,0,0.13);\r\n    font-family: Arial, sans-serif;\r\n  }\r\n\r\n  .form-container h2 {\r\n    text-align: center;\r\n    margin-bottom: 20px;\r\n    color: #2c3e50;\r\n    font-size: 24px;\r\n  }\r\n\r\n  .form-group {\r\n    margin-bottom: 15px;\r\n  }\r\n\r\n  label {\r\n    font-weight: bold;\r\n    color: #34495e;\r\n    display: block;\r\n    margin-bottom: 6px;\r\n  }\r\n\r\n  input[type=\"text\"], input[type=\"date\"], input[type=\"time\"], select {\r\n    width: 100%;\r\n    padding: 10px;\r\n    border: 1px solid #bdc3c7;\r\n    border-radius: 8px;\r\n    font-size: 15px;\r\n  }\r\n\r\n  button {\r\n    width: 100%;\r\n    background: #0077ff;\r\n    border: none;\r\n    padding: 12px;\r\n    color: white;\r\n    border-radius: 10px;\r\n    font-size: 17px;\r\n    cursor: pointer;\r\n    transition: 0.3s;\r\n  }\r\n\r\n  button:hover {\r\n    background: #005fcc;\r\n  }\r\n\r\n  .hidden {\r\n    display: none;\r\n  }\r\n\r\n  .error {\r\n    color: red;\r\n    font-size: 14px;\r\n    margin-top: -5px;\r\n    margin-bottom: 10px;\r\n    display: none;\r\n  }\r\n<\/style>\r\n\r\n\r\n<div class=\"form-container\">\r\n  <h2>Agendar por WhatsApp<\/h2>\r\n\r\n  <form id=\"citaForm\">\r\n\r\n    <!-- Nombre -->\r\n    <div class=\"form-group\">\r\n      <label>Su nombre:<\/label>\r\n      <input type=\"text\" id=\"nombre\" required>\r\n    <\/div>\r\n\r\n    <!-- La cita es para usted -->\r\n    <div class=\"form-group\">\r\n      <label>\u00bfLa cita es para usted?<\/label>\r\n      <select id=\"paraUsted\" required>\r\n        <option value=\"\">Seleccione<\/option>\r\n        <option value=\"si\">S\u00ed<\/option>\r\n        <option value=\"no\">No<\/option>\r\n      <\/select>\r\n    <\/div>\r\n\r\n    <!-- Nombre del paciente -->\r\n    <div class=\"form-group hidden\" id=\"campoPaciente\">\r\n      <label>Nombre del paciente:<\/label>\r\n      <input type=\"text\" id=\"nombrePaciente\">\r\n    <\/div>\r\n\r\n    <!-- M\u00e9dico -->\r\n    <div class=\"form-group\">\r\n      <label>M\u00e9dico:<\/label>\r\n      <select id=\"medico\" required>\r\n        <option value=\"Dr. Jorge Alberto Vital L\u00f3pez\">Dr. Jorge Alberto Vital L\u00f3pez<\/option>\r\n      <\/select>\r\n    <\/div>\r\n\r\n    <!-- Servicio -->\r\n    <div class=\"form-group\">\r\n      <label>Servicio:<\/label>\r\n      <select id=\"servicio\" required>\r\n        <option value=\"Consulta\">Consulta<\/option>\r\n      <\/select>\r\n    <\/div>\r\n\r\n    <!-- Fecha -->\r\n    <div class=\"form-group\">\r\n      <label>Fecha:<\/label>\r\n      <input type=\"date\" id=\"fecha\" required>\r\n      <div id=\"errorFecha\" class=\"error\">Solo se atiende martes y jueves.<\/div>\r\n    <\/div>\r\n\r\n    <!-- Hora -->\r\n    <div class=\"form-group\">\r\n      <label>Hora:<\/label>\r\n      <input type=\"time\" id=\"hora\" required>\r\n      <div id=\"errorHora\" class=\"error\">El horario disponible es de 7:00 AM a 11:30 AM.<\/div>\r\n    <\/div>\r\n\r\n    <button type=\"button\" onclick=\"enviarWhatsApp()\">Enviar por WhatsApp<\/button>\r\n  <\/form>\r\n<\/div>\r\n\r\n\r\n<script>\r\n  const paraUstedSelect = document.getElementById(\"paraUsted\");\r\n  const campoPaciente = document.getElementById(\"campoPaciente\");\r\n\r\n  paraUstedSelect.addEventListener(\"change\", function() {\r\n    if (this.value === \"no\") {\r\n      campoPaciente.classList.remove(\"hidden\");\r\n      document.getElementById(\"nombrePaciente\").required = true;\r\n    } else {\r\n      campoPaciente.classList.add(\"hidden\");\r\n      document.getElementById(\"nombrePaciente\").required = false;\r\n      document.getElementById(\"nombrePaciente\").value = \"\";\r\n    }\r\n  });\r\n\r\n  \/\/ Validaci\u00f3n de fecha\r\n  function validarFecha(fecha) {\r\n    const date = new Date(fecha);\r\n    const dia = date.getDay(); \/\/ 0=domingo, 1=lunes, 2=martes...\r\n\r\n    \/\/ SOLO martes (2) y jueves (4)\r\n    return dia === 2 || dia === 4;\r\n  }\r\n\r\n  \/\/ Validaci\u00f3n de hora\r\n  function validarHora(hora) {\r\n    const [hh, mm] = hora.split(\":\").map(Number);\r\n    const totalMin = hh * 60 + mm;\r\n\r\n    const inicio = 7 * 60;        \/\/ 7:00 AM\r\n    const fin = 11 * 60 + 30;     \/\/ 11:30 AM\r\n\r\n    return totalMin >= inicio && totalMin <= fin;\r\n  }\r\n\r\n  function enviarWhatsApp() {\r\n    const nombre = document.getElementById(\"nombre\").value;\r\n    const paraUsted = document.getElementById(\"paraUsted\").value;\r\n    const paciente = document.getElementById(\"nombrePaciente\").value;\r\n    const servicio = document.getElementById(\"servicio\").value;\r\n    const medico = document.getElementById(\"medico\").value;\r\n    const fecha = document.getElementById(\"fecha\").value;\r\n    const hora = document.getElementById(\"hora\").value;\r\n\r\n    let errorF = document.getElementById(\"errorFecha\");\r\n    let errorH = document.getElementById(\"errorHora\");\r\n\r\n    errorF.style.display = \"none\";\r\n    errorH.style.display = \"none\";\r\n\r\n    if (!validarFecha(fecha)) {\r\n      errorF.style.display = \"block\";\r\n      return;\r\n    }\r\n\r\n    if (!validarHora(hora)) {\r\n      errorH.style.display = \"block\";\r\n      return;\r\n    }\r\n\r\n    const nombreFinal = paraUsted === \"si\" ? nombre : paciente;\r\n\r\n    \/\/ N\u00famero del doctor\r\n    let telefono = \"524491737114\";\r\n\r\n    const mensaje = \r\n`Hola, buen d\u00eda ${medico}.\r\nMi nombre es ${nombreFinal} y me gustar\u00eda agendar una cita para el d\u00eda ${fecha} a las ${hora} para un\/a ${servicio}.\r\nEspero su respuesta pronto, de antemano, muchas gracias`;\r\n\r\n    const url = `https:\/\/wa.me\/${telefono}?text=${encodeURIComponent(mensaje)}`;\r\n    window.open(url, \"_blank\");\r\n  }\r\n<\/script>\r\n\t\t\t\t<\/div>\n\t\t\t\t\t<\/div>\n\t\t\t\t<\/div>\n\t\t\t\t<\/div>\n\t\t","protected":false},"excerpt":{"rendered":"<p>Nuestro servicio de control de enfermedades cr\u00f3nicas est\u00e1 dise\u00f1ado para acompa\u00f1arte de manera continua, segura y personalizada. Te ayudamos a monitorear tu condici\u00f3n, ajustar tratamientos y mejorar tu calidad de vida con una atenci\u00f3n cercana y profesional.Estamos contigo en cada paso para que vivas con bienestar y mayor tranquilidad. El Dr. Jorge Alberto Vital L\u00f3pez [&hellip;]<\/p>\n","protected":false},"author":1,"featured_media":0,"parent":0,"menu_order":0,"comment_status":"closed","ping_status":"closed","template":"page-no-header-image","meta":{"footnotes":""},"class_list":["post-152","page","type-page","status-publish","hentry"],"_links":{"self":[{"href":"https:\/\/puntomedico.directorio-comercial.com\/index.php?rest_route=\/wp\/v2\/pages\/152","targetHints":{"allow":["GET"]}}],"collection":[{"href":"https:\/\/puntomedico.directorio-comercial.com\/index.php?rest_route=\/wp\/v2\/pages"}],"about":[{"href":"https:\/\/puntomedico.directorio-comercial.com\/index.php?rest_route=\/wp\/v2\/types\/page"}],"author":[{"embeddable":true,"href":"https:\/\/puntomedico.directorio-comercial.com\/index.php?rest_route=\/wp\/v2\/users\/1"}],"replies":[{"embeddable":true,"href":"https:\/\/puntomedico.directorio-comercial.com\/index.php?rest_route=%2Fwp%2Fv2%2Fcomments&post=152"}],"version-history":[{"count":5,"href":"https:\/\/puntomedico.directorio-comercial.com\/index.php?rest_route=\/wp\/v2\/pages\/152\/revisions"}],"predecessor-version":[{"id":334,"href":"https:\/\/puntomedico.directorio-comercial.com\/index.php?rest_route=\/wp\/v2\/pages\/152\/revisions\/334"}],"wp:attachment":[{"href":"https:\/\/puntomedico.directorio-comercial.com\/index.php?rest_route=%2Fwp%2Fv2%2Fmedia&parent=152"}],"curies":[{"name":"wp","href":"https:\/\/api.w.org\/{rel}","templated":true}]}}